{"id":510,"date":"2024-09-10T15:31:12","date_gmt":"2024-09-10T13:31:12","guid":{"rendered":"https:\/\/www-mekonferanse.wp2.hcweb.dev\/?page_id=510"},"modified":"2024-10-27T08:37:44","modified_gmt":"2024-10-27T07:37:44","slug":"for-healthcare-professionals","status":"publish","type":"page","link":"https:\/\/www.mekonferanse.no\/en\/for-helsepersonell\/","title":{"rendered":"For healthcare professionals"},"content":{"rendered":"\n<h1 class=\"wp-block-heading has-fl-heading-text-color has-text-color has-link-color wp-elements-a07e68f2aa717096ce2cc8ed9a14dcfb\">Utdanningspoeng<\/h1>\n\n\n\n<p>Heldagskonferansen 7. mai 2025 er forh\u00e5ndsgodkjent av Den norske legeforening, Norsk Psykologforening og Norsk Sykepleierforbund. Norsk Ergoterapeutforbund &#8211; Ergoterapeutene og Norsk Fysioterapeutforbund har godkjent at medlemmer kan s\u00f8ke om individuell godkjenning. <\/p>\n\n\n\n<div style=\"height:3px\" aria-hidden=\"true\" class=\"wp-block-spacer\"><\/div>\n\n\n\n<h3 class=\"wp-block-heading has-fl-accent-color has-text-color has-link-color wp-elements-cd42171eb0364d330d543d401eac6ca3\">Den Norske Legeforening<\/h3>\n\n\n\n<p><strong>Godkjent med 8 valgfrie poeng for leger i spesialisering og spesialistenes etterutdanning.<\/strong><\/p>\n\n\n\n<blockquote class=\"wp-block-quote is-layout-flow wp-block-quote-is-layout-flow\">\n<p>&#8220;Kurset bidrar til \u00e5 dekke f\u00f8lgende l\u00e6ringsm\u00e5l i ny spesialistordning: ALM-056, ALM-057, ALM-058, ALM-059, ALM-060, ALM-061, ALM-062, ALM-027, ALM-028, ALM-029, ALM-030, ALM-031, ALM-032, ALM-033, ALM-034, ALM-035, ALM-036, ALM-037, ALM-038, ALM-039, ALM-040, ALM-04.&#8221;<\/p>\n<\/blockquote>\n\n\n\n<div style=\"height:0px\" aria-hidden=\"true\" class=\"wp-block-spacer\"><\/div>\n\n\n\n<div style=\"height:3px\" aria-hidden=\"true\" class=\"wp-block-spacer\"><\/div>\n\n\n\n<h3 class=\"wp-block-heading has-fl-accent-color has-text-color has-link-color wp-elements-f9ec890dff034054fa430287283f2c94\">Norsk Psykologforening<\/h3>\n\n\n\n<p><strong>Godkjent som vedlikeholdskurs for psykologspesialister med 8 timer.<\/strong><\/p>\n\n\n\n<blockquote class=\"wp-block-quote is-layout-flow wp-block-quote-is-layout-flow\">\n<p>&#8220;Kurset ME\/CFS and Long Covid &#8211; Digging Deeper er godkjent av Norsk psykologforening som vedlikeholdskurs for spesialister med 8 timer. Kurset er godkjent for 2 \u00e5r i perioden fra 22.09.2024 til 21.09.2026, dersom innhold og omfang er uendret.&#8221;<\/p>\n<\/blockquote>\n\n\n\n<div style=\"height:3px\" aria-hidden=\"true\" class=\"wp-block-spacer\"><\/div>\n\n\n\n<h3 class=\"wp-block-heading has-fl-accent-color has-text-color has-link-color wp-elements-7eb1fec001a47f19ab79801c4260877e\">Norsk Ergoterapeutforbund &#8211; Ergoterapeutene <\/h3>\n\n\n\n<p><strong>Ergoterapeuter kan s\u00f8ke om godkjenning.<\/strong><\/p>\n\n\n\n<blockquote class=\"wp-block-quote is-layout-flow wp-block-quote-is-layout-flow\">\n<p>&#8220;Ergoterapeuter som deltar p\u00e5 kurset, kan benytte kurset i sin spesialists\u00f8knad \u2013 og spesielt med tanke p\u00e5 fornyet godkjenning. De begrunner da selv relevansen for ergoterapi og spesialistomr\u00e5de og dokumenterer med kursbevis [og]&nbsp;program.&#8221;<\/p>\n<\/blockquote>\n\n\n\n<div style=\"height:3px\" aria-hidden=\"true\" class=\"wp-block-spacer\"><\/div>\n\n\n\n<h3 class=\"wp-block-heading has-fl-accent-color has-text-color has-link-color wp-elements-94aa5d51274a408c4c718e72b83cd11a\">Norsk Sykepleierforbund<\/h3>\n\n\n\n<p><strong>Godkjent med 6 timer for kliniske spesialister i sykepleie\/spesialsykepleie.<\/strong><\/p>\n\n\n\n<blockquote class=\"wp-block-quote is-layout-flow wp-block-quote-is-layout-flow\">\n<p>&#8220;Kurset er godkjent av NSF som meritterende med totalt 6 timer. Dette kan brukes i henhold til kurstimekravet i NSFs godkjenningsordningen klinisk spesialist i sykepleie\/ spesialsykepleie.<\/p>\n\n\n\n<p>Godkjenningen gjelder for to \u00e5r dersom det benyttes foredragsholdere med tilsvarende kompetanse, og at kursprogrammet beholder tilsvarende faglig innhold.&#8221;<\/p>\n<\/blockquote>\n\n\n\n<div style=\"height:3px\" aria-hidden=\"true\" class=\"wp-block-spacer\"><\/div>\n\n\n\n<h3 class=\"wp-block-heading has-fl-accent-color has-text-color has-link-color wp-elements-85c71fbb71524e198bcbe0ab08e9ece3\">Norsk Fysioterapeutforbund<\/h3>\n\n\n\n<p><strong>Fysioterapeuter kan s\u00f8ke om godkjenning.<\/strong><\/p>\n\n\n\n<blockquote class=\"wp-block-quote is-layout-flow wp-block-quote-is-layout-flow\">\n<p>&#8220;Konferansen kan v\u00e6re tellende n\u00e5r fysioterapeuter s\u00f8ker om fornyet godkjenning, med forbehold om at det er relevant for spesialiteten til den enkelte fysioterapeut.&#8221;<\/p>\n<\/blockquote>\n\n\n\n<div style=\"height:29px\" aria-hidden=\"true\" class=\"wp-block-spacer\"><\/div>\n\n\n\n<figure class=\"wp-block-image size-large is-resized\"><img decoding=\"async\" width=\"1024\" height=\"576\" src=\"https:\/\/www.mekonferanse.no\/wp-content\/uploads\/2024\/09\/Utdanningspoeng-bilde-nettside-v3-1024x576.png\" alt=\"\" class=\"wp-image-1124\" style=\"width:841px;height:auto\" srcset=\"https:\/\/www.mekonferanse.no\/wp-content\/uploads\/2024\/09\/Utdanningspoeng-bilde-nettside-v3-1024x576.png 1024w, https:\/\/www.mekonferanse.no\/wp-content\/uploads\/2024\/09\/Utdanningspoeng-bilde-nettside-v3-300x169.png 300w, https:\/\/www.mekonferanse.no\/wp-content\/uploads\/2024\/09\/Utdanningspoeng-bilde-nettside-v3-768x432.png 768w, https:\/\/www.mekonferanse.no\/wp-content\/uploads\/2024\/09\/Utdanningspoeng-bilde-nettside-v3-18x10.png 18w, https:\/\/www.mekonferanse.no\/wp-content\/uploads\/2024\/09\/Utdanningspoeng-bilde-nettside-v3.png 1200w\" sizes=\"(max-width: 1024px) 100vw, 1024px\" \/><\/figure>\n","protected":false},"excerpt":{"rendered":"<p>Education credits The one-day conference on 7 May 2025 has been pre-approved by the Norwegian Medical Association, the Norwegian Psychological Association and the Norwegian Nursing Association. The Norwegian Association of Occupational Therapists and the Norwegian Association of Physiotherapists have approved that members can apply for individual recognition. The Norwegian Medical Association Approved with 8 optional points for doctors in specialisation and specialists' continuing education. \"The course contributes to covering the following learning objectives in...<\/p>","protected":false},"author":1,"featured_media":1131,"parent":0,"menu_order":0,"comment_status":"closed","ping_status":"closed","template":"","meta":{"footnotes":""},"class_list":["post-510","page","type-page","status-publish","has-post-thumbnail","hentry"],"yoast_head":"<!-- This site is optimized with the Yoast SEO plugin v27.2 - https:\/\/yoast.com\/product\/yoast-seo-wordpress\/ -->\n<title>For helsepersonell - ME Konferanse<\/title>\n<meta name=\"robots\" content=\"index, follow, max-snippet:-1, max-image-preview:large, max-video-preview:-1\" \/>\n<link rel=\"canonical\" href=\"https:\/\/www.mekonferanse.no\/en\/for-healthcare-professionals\/\" \/>\n<meta property=\"og:locale\" content=\"en_GB\" \/>\n<meta property=\"og:type\" content=\"article\" \/>\n<meta property=\"og:title\" content=\"For helsepersonell - ME Konferanse\" \/>\n<meta property=\"og:description\" content=\"Utdanningspoeng Heldagskonferansen 7. mai 2025 er forh\u00e5ndsgodkjent av Den norske legeforening, Norsk Psykologforening og Norsk Sykepleierforbund. Norsk Ergoterapeutforbund &#8211; Ergoterapeutene og Norsk Fysioterapeutforbund har godkjent at medlemmer kan s\u00f8ke om individuell godkjenning. Den Norske Legeforening Godkjent med 8 valgfrie poeng for leger i spesialisering og spesialistenes etterutdanning. &#8220;Kurset bidrar til \u00e5 dekke f\u00f8lgende l\u00e6ringsm\u00e5l i&hellip;\" \/>\n<meta property=\"og:url\" content=\"https:\/\/www.mekonferanse.no\/en\/for-healthcare-professionals\/\" \/>\n<meta property=\"og:site_name\" content=\"ME Konferanse\" \/>\n<meta property=\"article:modified_time\" content=\"2024-10-27T07:37:44+00:00\" \/>\n<meta property=\"og:image\" content=\"https:\/\/www.mekonferanse.no\/wp-content\/uploads\/2024\/09\/Nettside-Utdanningspoeng-folgebilde.png\" \/>\n\t<meta property=\"og:image:width\" content=\"1200\" \/>\n\t<meta property=\"og:image:height\" content=\"675\" \/>\n\t<meta property=\"og:image:type\" content=\"image\/png\" \/>\n<meta name=\"twitter:card\" content=\"summary_large_image\" \/>\n<meta name=\"twitter:label1\" content=\"Estimated reading time\" \/>\n\t<meta name=\"twitter:data1\" content=\"1 minute\" \/>\n<script type=\"application\/ld+json\" class=\"yoast-schema-graph\">{\"@context\":\"https:\/\/schema.org\",\"@graph\":[{\"@type\":\"WebPage\",\"@id\":\"https:\/\/www.mekonferanse.no\/for-helsepersonell\/\",\"url\":\"https:\/\/www.mekonferanse.no\/for-helsepersonell\/\",\"name\":\"For helsepersonell - ME Konferanse\",\"isPartOf\":{\"@id\":\"https:\/\/www.mekonferanse.no\/#website\"},\"primaryImageOfPage\":{\"@id\":\"https:\/\/www.mekonferanse.no\/for-helsepersonell\/#primaryimage\"},\"image\":{\"@id\":\"https:\/\/www.mekonferanse.no\/for-helsepersonell\/#primaryimage\"},\"thumbnailUrl\":\"https:\/\/www.mekonferanse.no\/wp-content\/uploads\/2024\/09\/Nettside-Utdanningspoeng-folgebilde.png\",\"datePublished\":\"2024-09-10T13:31:12+00:00\",\"dateModified\":\"2024-10-27T07:37:44+00:00\",\"breadcrumb\":{\"@id\":\"https:\/\/www.mekonferanse.no\/for-helsepersonell\/#breadcrumb\"},\"inLanguage\":\"en-GB\",\"potentialAction\":[{\"@type\":\"ReadAction\",\"target\":[\"https:\/\/www.mekonferanse.no\/for-helsepersonell\/\"]}]},{\"@type\":\"ImageObject\",\"inLanguage\":\"en-GB\",\"@id\":\"https:\/\/www.mekonferanse.no\/for-helsepersonell\/#primaryimage\",\"url\":\"https:\/\/www.mekonferanse.no\/wp-content\/uploads\/2024\/09\/Nettside-Utdanningspoeng-folgebilde.png\",\"contentUrl\":\"https:\/\/www.mekonferanse.no\/wp-content\/uploads\/2024\/09\/Nettside-Utdanningspoeng-folgebilde.png\",\"width\":1200,\"height\":675},{\"@type\":\"BreadcrumbList\",\"@id\":\"https:\/\/www.mekonferanse.no\/for-helsepersonell\/#breadcrumb\",\"itemListElement\":[{\"@type\":\"ListItem\",\"position\":1,\"name\":\"Hjem\",\"item\":\"https:\/\/www.mekonferanse.no\/\"},{\"@type\":\"ListItem\",\"position\":2,\"name\":\"For helsepersonell\"}]},{\"@type\":\"WebSite\",\"@id\":\"https:\/\/www.mekonferanse.no\/#website\",\"url\":\"https:\/\/www.mekonferanse.no\/\",\"name\":\"ME Konferanse\",\"description\":\"7.-8. mai 2025\",\"publisher\":{\"@id\":\"https:\/\/www.mekonferanse.no\/#organization\"},\"potentialAction\":[{\"@type\":\"SearchAction\",\"target\":{\"@type\":\"EntryPoint\",\"urlTemplate\":\"https:\/\/www.mekonferanse.no\/?s={search_term_string}\"},\"query-input\":{\"@type\":\"PropertyValueSpecification\",\"valueRequired\":true,\"valueName\":\"search_term_string\"}}],\"inLanguage\":\"en-GB\"},{\"@type\":\"Organization\",\"@id\":\"https:\/\/www.mekonferanse.no\/#organization\",\"name\":\"ME Konferanse\",\"url\":\"https:\/\/www.mekonferanse.no\/\",\"logo\":{\"@type\":\"ImageObject\",\"inLanguage\":\"en-GB\",\"@id\":\"https:\/\/www.mekonferanse.no\/#\/schema\/logo\/image\/\",\"url\":\"https:\/\/www.mekonferanse.no\/wp-content\/uploads\/2020\/02\/logo-.svg\",\"contentUrl\":\"https:\/\/www.mekonferanse.no\/wp-content\/uploads\/2020\/02\/logo-.svg\",\"width\":1,\"height\":1,\"caption\":\"ME Konferanse\"},\"image\":{\"@id\":\"https:\/\/www.mekonferanse.no\/#\/schema\/logo\/image\/\"}}]}<\/script>\n<!-- \/ Yoast SEO plugin. -->","yoast_head_json":{"title":"For healthcare professionals - ME Conference","robots":{"index":"index","follow":"follow","max-snippet":"max-snippet:-1","max-image-preview":"max-image-preview:large","max-video-preview":"max-video-preview:-1"},"canonical":"https:\/\/www.mekonferanse.no\/en\/for-healthcare-professionals\/","og_locale":"en_GB","og_type":"article","og_title":"For helsepersonell - ME Konferanse","og_description":"Utdanningspoeng Heldagskonferansen 7. mai 2025 er forh\u00e5ndsgodkjent av Den norske legeforening, Norsk Psykologforening og Norsk Sykepleierforbund. Norsk Ergoterapeutforbund &#8211; Ergoterapeutene og Norsk Fysioterapeutforbund har godkjent at medlemmer kan s\u00f8ke om individuell godkjenning. Den Norske Legeforening Godkjent med 8 valgfrie poeng for leger i spesialisering og spesialistenes etterutdanning. &#8220;Kurset bidrar til \u00e5 dekke f\u00f8lgende l\u00e6ringsm\u00e5l i&hellip;","og_url":"https:\/\/www.mekonferanse.no\/en\/for-healthcare-professionals\/","og_site_name":"ME Konferanse","article_modified_time":"2024-10-27T07:37:44+00:00","og_image":[{"width":1200,"height":675,"url":"https:\/\/www.mekonferanse.no\/wp-content\/uploads\/2024\/09\/Nettside-Utdanningspoeng-folgebilde.png","type":"image\/png"}],"twitter_card":"summary_large_image","twitter_misc":{"Estimated reading time":"1 minute"},"schema":{"@context":"https:\/\/schema.org","@graph":[{"@type":"WebPage","@id":"https:\/\/www.mekonferanse.no\/for-helsepersonell\/","url":"https:\/\/www.mekonferanse.no\/for-helsepersonell\/","name":"For healthcare professionals - ME Conference","isPartOf":{"@id":"https:\/\/www.mekonferanse.no\/#website"},"primaryImageOfPage":{"@id":"https:\/\/www.mekonferanse.no\/for-helsepersonell\/#primaryimage"},"image":{"@id":"https:\/\/www.mekonferanse.no\/for-helsepersonell\/#primaryimage"},"thumbnailUrl":"https:\/\/www.mekonferanse.no\/wp-content\/uploads\/2024\/09\/Nettside-Utdanningspoeng-folgebilde.png","datePublished":"2024-09-10T13:31:12+00:00","dateModified":"2024-10-27T07:37:44+00:00","breadcrumb":{"@id":"https:\/\/www.mekonferanse.no\/for-helsepersonell\/#breadcrumb"},"inLanguage":"en-GB","potentialAction":[{"@type":"ReadAction","target":["https:\/\/www.mekonferanse.no\/for-helsepersonell\/"]}]},{"@type":"ImageObject","inLanguage":"en-GB","@id":"https:\/\/www.mekonferanse.no\/for-helsepersonell\/#primaryimage","url":"https:\/\/www.mekonferanse.no\/wp-content\/uploads\/2024\/09\/Nettside-Utdanningspoeng-folgebilde.png","contentUrl":"https:\/\/www.mekonferanse.no\/wp-content\/uploads\/2024\/09\/Nettside-Utdanningspoeng-folgebilde.png","width":1200,"height":675},{"@type":"BreadcrumbList","@id":"https:\/\/www.mekonferanse.no\/for-helsepersonell\/#breadcrumb","itemListElement":[{"@type":"ListItem","position":1,"name":"Hjem","item":"https:\/\/www.mekonferanse.no\/"},{"@type":"ListItem","position":2,"name":"For helsepersonell"}]},{"@type":"WebSite","@id":"https:\/\/www.mekonferanse.no\/#website","url":"https:\/\/www.mekonferanse.no\/","name":"ME Conference","description":"7-8 May 2025","publisher":{"@id":"https:\/\/www.mekonferanse.no\/#organization"},"potentialAction":[{"@type":"SearchAction","target":{"@type":"EntryPoint","urlTemplate":"https:\/\/www.mekonferanse.no\/?s={search_term_string}"},"query-input":{"@type":"PropertyValueSpecification","valueRequired":true,"valueName":"search_term_string"}}],"inLanguage":"en-GB"},{"@type":"Organization","@id":"https:\/\/www.mekonferanse.no\/#organization","name":"ME Conference","url":"https:\/\/www.mekonferanse.no\/","logo":{"@type":"ImageObject","inLanguage":"en-GB","@id":"https:\/\/www.mekonferanse.no\/#\/schema\/logo\/image\/","url":"https:\/\/www.mekonferanse.no\/wp-content\/uploads\/2020\/02\/logo-.svg","contentUrl":"https:\/\/www.mekonferanse.no\/wp-content\/uploads\/2020\/02\/logo-.svg","width":1,"height":1,"caption":"ME Konferanse"},"image":{"@id":"https:\/\/www.mekonferanse.no\/#\/schema\/logo\/image\/"}}]}},"_links":{"self":[{"href":"https:\/\/www.mekonferanse.no\/en\/wp-json\/wp\/v2\/pages\/510","targetHints":{"allow":["GET"]}}],"collection":[{"href":"https:\/\/www.mekonferanse.no\/en\/wp-json\/wp\/v2\/pages"}],"about":[{"href":"https:\/\/www.mekonferanse.no\/en\/wp-json\/wp\/v2\/types\/page"}],"author":[{"embeddable":true,"href":"https:\/\/www.mekonferanse.no\/en\/wp-json\/wp\/v2\/users\/1"}],"replies":[{"embeddable":true,"href":"https:\/\/www.mekonferanse.no\/en\/wp-json\/wp\/v2\/comments?post=510"}],"version-history":[{"count":33,"href":"https:\/\/www.mekonferanse.no\/en\/wp-json\/wp\/v2\/pages\/510\/revisions"}],"predecessor-version":[{"id":1174,"href":"https:\/\/www.mekonferanse.no\/en\/wp-json\/wp\/v2\/pages\/510\/revisions\/1174"}],"wp:featuredmedia":[{"embeddable":true,"href":"https:\/\/www.mekonferanse.no\/en\/wp-json\/wp\/v2\/media\/1131"}],"wp:attachment":[{"href":"https:\/\/www.mekonferanse.no\/en\/wp-json\/wp\/v2\/media?parent=510"}],"curies":[{"name":"wp","href":"https:\/\/api.w.org\/{rel}","templated":true}]}}