{"id":37,"date":"2020-02-28T10:41:18","date_gmt":"2020-02-28T09:41:18","guid":{"rendered":"https:\/\/www-mekonferanse.wp2.hcweb.dev\/?page_id=37"},"modified":"2020-02-28T10:45:02","modified_gmt":"2020-02-28T09:45:02","slug":"privacy","status":"publish","type":"page","link":"https:\/\/www.mekonferanse.no\/en\/personvern\/","title":{"rendered":"Privacy policy"},"content":{"rendered":"<p><strong>Norwegian ME Association Rogaland County Chapter<\/strong><br>Olsokveien 11<br>4322 SANDNES<br>Org.nr. 913530489 <\/p>\n\n\n\n<p><strong>Contact information<\/strong><br><a href=\"https:\/\/www.meogskole.no\/ailto:post@meogskole.no\">post@meogskole.no<\/a>  <\/p>\n\n\n\n<h2 class=\"wp-block-heading\">Information we collect<\/h2>\n\n\n\n<p>When you visit the website, our web provider may collect information that is necessary to provide a stable service.<\/p>\n\n\n\n<p>You can read more about this in&nbsp;<a href=\"https:\/\/www.hjelseth.com\/personvern\/\">privacy policy of Hjelseth Computers<\/a>.<\/p>\n\n\n\n<h2 class=\"wp-block-heading\">Information cookies (cookies)<\/h2>\n\n\n\n<h3 class=\"wp-block-heading\">How we use cookies<\/h3>\n\n\n\n<p>We use cookies to provide you with better services. Some cookies are absolutely necessary for the functionality of the websites, while others are used to improve performance and user experience.<\/p>\n\n\n\n<p>Functional cookies are used to:<br>- remember your login details<br>- Ensure security when you are logged in<br>- Ensure that the websites look consistent<\/p>\n\n\n\n<p>Performance cookies are used to:<br>- Improve website performance by making pages load faster<br>- improve the user experience<\/p>\n\n\n\n<p>Targeted cookies are used to:<br>- let you share and like content<br>- send information to other websites to personalise their advertising<\/p>\n\n\n\n<h3 class=\"wp-block-heading\">Examples of use<\/h3>\n\n\n\n<p>Cookies are used to provide you with better services, for example by:<br>- activate a service that recognises your device so you don't have to enter the same information multiple times<br>- remember that you've already entered your username and password when you're logged in to the pages, so you don't have to do it again for each page<br>- measure how many people use our services, so we can make them easier and faster<br>- analyse data to help us understand how you use online services so that we can improve them<\/p>\n\n\n\n<p>If you do not allow us to use cookies, certain features and the websites will not function properly.<br>If you want to delete cookies that are already stored on your computer, follow the instructions for your browser by clicking Help in the menu.<\/p>\n\n\n\n<p>You can read more about cookies and how to use them at&nbsp;<a href=\"http:\/\/www.aboutcookies.org\/\">www.aboutcookies.org<\/a>&nbsp;or by clicking on Help in your browser.<\/p>\n\n\n\n<h2 class=\"wp-block-heading\">Statistics<\/h2>\n\n\n\n<p>We use Google Analytics to measure the number of visitors, which pages are most popular, how long the visits last and other related information.<\/p>\n\n\n\n<p>This information is anonymised as far as possible via Google Analytics' tools, and it is only used to give an overall impression, we do not identify individuals through statistics collection.<\/p>\n\n\n\n<p>Read more in&nbsp;<a href=\"https:\/\/policies.google.com\/privacy\">the privacy policy of Google<\/a>.<\/p>\n\n\n\n<h2 class=\"wp-block-heading\">Third-party tools<\/h2>\n\n\n\n<h3 class=\"wp-block-heading\">Texts<\/h3>\n\n\n\n<p>The website uses text types made available via&nbsp;<a href=\"https:\/\/fonts.google.com\/\">Google Fonts<\/a>. To the best of our knowledge, no information about the website visitor is collected when such text types are loaded.<\/p>\n\n\n\n<h3 class=\"wp-block-heading\">Third party content<\/h3>\n\n\n\n<p>Sometimes we include video clips, images or content from other third-party websites. Such content treats the visitor as if they were on the included content's own website and it may therefore occur that cookies are stored or statistics are collected by these third parties.<\/p>\n\n\n\n<h2 class=\"wp-block-heading\">General information<\/h2>\n\n\n\n<h3 class=\"wp-block-heading\">Contact form<\/h3>\n\n\n\n<p>You can also sign up on our website via deltaker.no. We then ask for the name of a contact person and their contact details.<br>Personal data we receive in connection with enquiries will not be used for any purpose other than to register your registration and, in some cases, to contact you.<\/p>","protected":false},"excerpt":{"rendered":"<p>Norges ME Forening Rogaland FylkeslagOlsokveien 114322 SANDNESOrg.nr. 913530489 Kontaktinformasjonpost@meogskole.no Information we collect When you visit the website, our web provider may collect information that is necessary to provide a stable service. You can read more about this in Hjelseth Computers' privacy policy. Cookies How we use cookies We use cookies to give you a better experience on our website.<\/p>","protected":false},"author":1,"featured_media":0,"parent":0,"menu_order":0,"comment_status":"closed","ping_status":"closed","template":"","meta":{"footnotes":""},"class_list":["post-37","page","type-page","status-publish","hentry"],"yoast_head":"<!-- This site is optimized with the Yoast SEO plugin v27.2 - https:\/\/yoast.com\/product\/yoast-seo-wordpress\/ -->\n<title>Personvern - ME Konferanse<\/title>\n<meta name=\"robots\" content=\"index, follow, max-snippet:-1, max-image-preview:large, max-video-preview:-1\" \/>\n<link rel=\"canonical\" href=\"https:\/\/www.mekonferanse.no\/en\/privacy\/\" \/>\n<meta property=\"og:locale\" content=\"en_GB\" \/>\n<meta property=\"og:type\" content=\"article\" \/>\n<meta property=\"og:title\" content=\"Personvern - ME Konferanse\" \/>\n<meta property=\"og:description\" content=\"Norges ME Forening Rogaland FylkeslagOlsokveien 114322 SANDNESOrg.nr. 913530489 Kontaktinformasjonpost@meogskole.no Informasjon vi innhenter Ved bes\u00f8k p\u00e5 nettsiden vil v\u00e5r nettleverand\u00f8r kunne innhente informasjon som er n\u00f8dvendig for \u00e5 levere en stabil tjeneste. Det kan leses mer om dette i&nbsp;personvernerkl\u00e6ringen til Hjelseth Computers. Informasjonskapsler (cookies) Hvordan vi bruker cookies Vi bruker cookies for \u00e5 gi deg bedre&hellip;\" \/>\n<meta property=\"og:url\" content=\"https:\/\/www.mekonferanse.no\/en\/privacy\/\" \/>\n<meta property=\"og:site_name\" content=\"ME Konferanse\" \/>\n<meta property=\"article:modified_time\" content=\"2020-02-28T09:45:02+00:00\" \/>\n<meta property=\"og:image\" content=\"https:\/\/www.mekonferanse.no\/wp-content\/uploads\/2020\/03\/nmef-logo.png\" \/>\n\t<meta property=\"og:image:width\" content=\"438\" \/>\n\t<meta property=\"og:image:height\" content=\"130\" \/>\n\t<meta property=\"og:image:type\" content=\"image\/png\" \/>\n<meta name=\"twitter:card\" content=\"summary_large_image\" \/>\n<meta name=\"twitter:label1\" content=\"Estimated reading time\" \/>\n\t<meta name=\"twitter:data1\" content=\"2 minutes\" \/>\n<script type=\"application\/ld+json\" class=\"yoast-schema-graph\">{\"@context\":\"https:\/\/schema.org\",\"@graph\":[{\"@type\":\"WebPage\",\"@id\":\"https:\/\/www.mekonferanse.no\/personvern\/\",\"url\":\"https:\/\/www.mekonferanse.no\/personvern\/\",\"name\":\"Personvern - ME Konferanse\",\"isPartOf\":{\"@id\":\"https:\/\/www.mekonferanse.no\/#website\"},\"datePublished\":\"2020-02-28T09:41:18+00:00\",\"dateModified\":\"2020-02-28T09:45:02+00:00\",\"breadcrumb\":{\"@id\":\"https:\/\/www.mekonferanse.no\/personvern\/#breadcrumb\"},\"inLanguage\":\"en-GB\",\"potentialAction\":[{\"@type\":\"ReadAction\",\"target\":[\"https:\/\/www.mekonferanse.no\/personvern\/\"]}]},{\"@type\":\"BreadcrumbList\",\"@id\":\"https:\/\/www.mekonferanse.no\/personvern\/#breadcrumb\",\"itemListElement\":[{\"@type\":\"ListItem\",\"position\":1,\"name\":\"Hjem\",\"item\":\"https:\/\/www.mekonferanse.no\/\"},{\"@type\":\"ListItem\",\"position\":2,\"name\":\"Personvern\"}]},{\"@type\":\"WebSite\",\"@id\":\"https:\/\/www.mekonferanse.no\/#website\",\"url\":\"https:\/\/www.mekonferanse.no\/\",\"name\":\"ME Konferanse\",\"description\":\"7.-8. mai 2025\",\"publisher\":{\"@id\":\"https:\/\/www.mekonferanse.no\/#organization\"},\"potentialAction\":[{\"@type\":\"SearchAction\",\"target\":{\"@type\":\"EntryPoint\",\"urlTemplate\":\"https:\/\/www.mekonferanse.no\/?s={search_term_string}\"},\"query-input\":{\"@type\":\"PropertyValueSpecification\",\"valueRequired\":true,\"valueName\":\"search_term_string\"}}],\"inLanguage\":\"en-GB\"},{\"@type\":\"Organization\",\"@id\":\"https:\/\/www.mekonferanse.no\/#organization\",\"name\":\"ME Konferanse\",\"url\":\"https:\/\/www.mekonferanse.no\/\",\"logo\":{\"@type\":\"ImageObject\",\"inLanguage\":\"en-GB\",\"@id\":\"https:\/\/www.mekonferanse.no\/#\/schema\/logo\/image\/\",\"url\":\"https:\/\/www.mekonferanse.no\/wp-content\/uploads\/2020\/02\/logo-.svg\",\"contentUrl\":\"https:\/\/www.mekonferanse.no\/wp-content\/uploads\/2020\/02\/logo-.svg\",\"width\":1,\"height\":1,\"caption\":\"ME Konferanse\"},\"image\":{\"@id\":\"https:\/\/www.mekonferanse.no\/#\/schema\/logo\/image\/\"}}]}<\/script>\n<!-- \/ Yoast SEO plugin. -->","yoast_head_json":{"title":"Privacy policy - ME Conference","robots":{"index":"index","follow":"follow","max-snippet":"max-snippet:-1","max-image-preview":"max-image-preview:large","max-video-preview":"max-video-preview:-1"},"canonical":"https:\/\/www.mekonferanse.no\/en\/privacy\/","og_locale":"en_GB","og_type":"article","og_title":"Personvern - ME Konferanse","og_description":"Norges ME Forening Rogaland FylkeslagOlsokveien 114322 SANDNESOrg.nr. 913530489 Kontaktinformasjonpost@meogskole.no Informasjon vi innhenter Ved bes\u00f8k p\u00e5 nettsiden vil v\u00e5r nettleverand\u00f8r kunne innhente informasjon som er n\u00f8dvendig for \u00e5 levere en stabil tjeneste. Det kan leses mer om dette i&nbsp;personvernerkl\u00e6ringen til Hjelseth Computers. Informasjonskapsler (cookies) Hvordan vi bruker cookies Vi bruker cookies for \u00e5 gi deg bedre&hellip;","og_url":"https:\/\/www.mekonferanse.no\/en\/privacy\/","og_site_name":"ME Konferanse","article_modified_time":"2020-02-28T09:45:02+00:00","og_image":[{"width":438,"height":130,"url":"https:\/\/www.mekonferanse.no\/wp-content\/uploads\/2020\/03\/nmef-logo.png","type":"image\/png"}],"twitter_card":"summary_large_image","twitter_misc":{"Estimated reading time":"2 minutes"},"schema":{"@context":"https:\/\/schema.org","@graph":[{"@type":"WebPage","@id":"https:\/\/www.mekonferanse.no\/personvern\/","url":"https:\/\/www.mekonferanse.no\/personvern\/","name":"Privacy policy - ME Conference","isPartOf":{"@id":"https:\/\/www.mekonferanse.no\/#website"},"datePublished":"2020-02-28T09:41:18+00:00","dateModified":"2020-02-28T09:45:02+00:00","breadcrumb":{"@id":"https:\/\/www.mekonferanse.no\/personvern\/#breadcrumb"},"inLanguage":"en-GB","potentialAction":[{"@type":"ReadAction","target":["https:\/\/www.mekonferanse.no\/personvern\/"]}]},{"@type":"BreadcrumbList","@id":"https:\/\/www.mekonferanse.no\/personvern\/#breadcrumb","itemListElement":[{"@type":"ListItem","position":1,"name":"Hjem","item":"https:\/\/www.mekonferanse.no\/"},{"@type":"ListItem","position":2,"name":"Personvern"}]},{"@type":"WebSite","@id":"https:\/\/www.mekonferanse.no\/#website","url":"https:\/\/www.mekonferanse.no\/","name":"ME Conference","description":"7-8 May 2025","publisher":{"@id":"https:\/\/www.mekonferanse.no\/#organization"},"potentialAction":[{"@type":"SearchAction","target":{"@type":"EntryPoint","urlTemplate":"https:\/\/www.mekonferanse.no\/?s={search_term_string}"},"query-input":{"@type":"PropertyValueSpecification","valueRequired":true,"valueName":"search_term_string"}}],"inLanguage":"en-GB"},{"@type":"Organization","@id":"https:\/\/www.mekonferanse.no\/#organization","name":"ME Conference","url":"https:\/\/www.mekonferanse.no\/","logo":{"@type":"ImageObject","inLanguage":"en-GB","@id":"https:\/\/www.mekonferanse.no\/#\/schema\/logo\/image\/","url":"https:\/\/www.mekonferanse.no\/wp-content\/uploads\/2020\/02\/logo-.svg","contentUrl":"https:\/\/www.mekonferanse.no\/wp-content\/uploads\/2020\/02\/logo-.svg","width":1,"height":1,"caption":"ME Konferanse"},"image":{"@id":"https:\/\/www.mekonferanse.no\/#\/schema\/logo\/image\/"}}]}},"_links":{"self":[{"href":"https:\/\/www.mekonferanse.no\/en\/wp-json\/wp\/v2\/pages\/37","targetHints":{"allow":["GET"]}}],"collection":[{"href":"https:\/\/www.mekonferanse.no\/en\/wp-json\/wp\/v2\/pages"}],"about":[{"href":"https:\/\/www.mekonferanse.no\/en\/wp-json\/wp\/v2\/types\/page"}],"author":[{"embeddable":true,"href":"https:\/\/www.mekonferanse.no\/en\/wp-json\/wp\/v2\/users\/1"}],"replies":[{"embeddable":true,"href":"https:\/\/www.mekonferanse.no\/en\/wp-json\/wp\/v2\/comments?post=37"}],"version-history":[{"count":3,"href":"https:\/\/www.mekonferanse.no\/en\/wp-json\/wp\/v2\/pages\/37\/revisions"}],"predecessor-version":[{"id":40,"href":"https:\/\/www.mekonferanse.no\/en\/wp-json\/wp\/v2\/pages\/37\/revisions\/40"}],"wp:attachment":[{"href":"https:\/\/www.mekonferanse.no\/en\/wp-json\/wp\/v2\/media?parent=37"}],"curies":[{"name":"wp","href":"https:\/\/api.w.org\/{rel}","templated":true}]}}