{"id":292,"date":"2024-09-02T08:38:13","date_gmt":"2024-09-02T06:38:13","guid":{"rendered":"https:\/\/www-mekonferanse.wp2.hcweb.dev\/?page_id=292"},"modified":"2024-09-27T21:44:08","modified_gmt":"2024-09-27T19:44:08","slug":"about-stavanger","status":"publish","type":"page","link":"https:\/\/www.mekonferanse.no\/en\/om-stavanger\/","title":{"rendered":"About Stavanger"},"content":{"rendered":"<h1 class=\"wp-block-heading has-fl-heading-text-color has-text-color has-link-color wp-elements-34a39d74807b068fb2d5e946a54c0b09\">Tips for travellers<\/h1>\n\n\n\n<p>In 2025, Stavanger will celebrate its 900th anniversary. The city offers a wonderful blend of natural beauty, history, culture and outdoor adventure. Below we have selected some of the places worth visiting.<\/p>\n\n\n\n<div class=\"wp-block-media-text is-stacked-on-mobile\" style=\"grid-template-columns:28% auto\"><figure class=\"wp-block-media-text__media\"><img decoding=\"async\" width=\"321\" height=\"321\" src=\"https:\/\/www.mekonferanse.no\/wp-content\/uploads\/2024\/09\/gamle-stavanger.png\" alt=\"\" class=\"wp-image-438 size-full\" srcset=\"https:\/\/www.mekonferanse.no\/wp-content\/uploads\/2024\/09\/gamle-stavanger.png 321w, https:\/\/www.mekonferanse.no\/wp-content\/uploads\/2024\/09\/gamle-stavanger-300x300.png 300w, https:\/\/www.mekonferanse.no\/wp-content\/uploads\/2024\/09\/gamle-stavanger-150x150.png 150w\" sizes=\"(max-width: 321px) 100vw, 321px\" \/><\/figure><div class=\"wp-block-media-text__content\">\n<h2 class=\"wp-block-heading\">Old Stavanger<\/h2>\n\n\n\n<p><a href=\"https:\/\/www.visitnorway.no\/listings\/gamle-stavanger\/14660\/\">Old Stavanger<\/a> is a charming and well-preserved residential neighbourhood that offers insight into the city's history and heritage. Here you can explore cobblestone streets, 173 small wooden houses from the 17th-18th centuries, museums, galleries and craft shops.<\/p>\n<\/div><\/div>\n\n\n\n<hr class=\"wp-block-separator has-alpha-channel-opacity is-style-wide\"\/>\n\n\n\n<div class=\"wp-block-media-text is-stacked-on-mobile\" style=\"grid-template-columns:28% auto\"><figure class=\"wp-block-media-text__media\"><img decoding=\"async\" width=\"321\" height=\"321\" src=\"https:\/\/www.mekonferanse.no\/wp-content\/uploads\/2024\/09\/fargegata.png\" alt=\"Colour holes\" class=\"wp-image-440 size-full\" srcset=\"https:\/\/www.mekonferanse.no\/wp-content\/uploads\/2024\/09\/fargegata.png 321w, https:\/\/www.mekonferanse.no\/wp-content\/uploads\/2024\/09\/fargegata-300x300.png 300w, https:\/\/www.mekonferanse.no\/wp-content\/uploads\/2024\/09\/fargegata-150x150.png 150w\" sizes=\"(max-width: 321px) 100vw, 321px\" \/><\/figure><div class=\"wp-block-media-text__content\">\n<h2 class=\"wp-block-heading\">Colour street<\/h2>\n\n\n\n<p>Stavanger's \u00d8vre Holmegate, locally known as <a href=\"https:\/\/www.visitnorway.no\/listings\/fargegaten-%C3%98vre-holmegate\/235309\/\">Colour street<\/a>, is a very popular area for locals and tourists alike. The street is filled with colour, unique shops, outdoor caf\u00e9s, bars and restaurants.<\/p>\n\n\n\n<p class=\"has-small-font-size\"><em>Photo: Visit Norway<\/em><\/p>\n<\/div><\/div>\n\n\n\n<hr class=\"wp-block-separator has-alpha-channel-opacity is-style-wide\"\/>\n\n\n\n<div class=\"wp-block-media-text is-stacked-on-mobile\" style=\"grid-template-columns:28% auto\"><figure class=\"wp-block-media-text__media\"><img decoding=\"async\" width=\"321\" height=\"321\" src=\"https:\/\/www.mekonferanse.no\/wp-content\/uploads\/2024\/09\/domkirken.png\" alt=\"\" class=\"wp-image-441 size-full\" srcset=\"https:\/\/www.mekonferanse.no\/wp-content\/uploads\/2024\/09\/domkirken.png 321w, https:\/\/www.mekonferanse.no\/wp-content\/uploads\/2024\/09\/domkirken-300x300.png 300w, https:\/\/www.mekonferanse.no\/wp-content\/uploads\/2024\/09\/domkirken-150x150.png 150w\" sizes=\"(max-width: 321px) 100vw, 321px\" \/><\/figure><div class=\"wp-block-media-text__content\">\n<h2 class=\"wp-block-heading\">900 years in 2025<\/h2>\n\n\n\n<p><a href=\"https:\/\/www.visitnorway.no\/listings\/stavanger-domkirke\/14665\/\">Stavanger Cathedral<\/a> was built in the first half of the 12th century, marking the start of the city's history and diocese. 1125 is considered the year of construction, and Stavanger celebrates its 900th anniversary in 2025. The cathedral has 750 seats.<\/p>\n<\/div><\/div>\n\n\n\n<hr class=\"wp-block-separator has-alpha-channel-opacity is-style-wide\"\/>\n\n\n\n<div class=\"wp-block-media-text is-stacked-on-mobile\" style=\"grid-template-columns:28% auto\"><figure class=\"wp-block-media-text__media\"><img decoding=\"async\" width=\"321\" height=\"321\" src=\"https:\/\/www.mekonferanse.no\/wp-content\/uploads\/2024\/09\/oil-capital.png\" alt=\"\" class=\"wp-image-442 size-full\" srcset=\"https:\/\/www.mekonferanse.no\/wp-content\/uploads\/2024\/09\/oil-capital.png 321w, https:\/\/www.mekonferanse.no\/wp-content\/uploads\/2024\/09\/oil-capital-300x300.png 300w, https:\/\/www.mekonferanse.no\/wp-content\/uploads\/2024\/09\/oil-capital-150x150.png 150w\" sizes=\"(max-width: 321px) 100vw, 321px\" \/><\/figure><div class=\"wp-block-media-text__content\">\n<h2 class=\"wp-block-heading\">Oil capital<\/h2>\n\n\n\n<p>The first oil discovery in the North Sea was in 1969, and in 1972 Stavanger was named the country's oil capital by the Norwegian parliament. <a href=\"https:\/\/www.norskolje.museum.no\/\">Norwegian Oil Museum<\/a> opened in 1999, and provides a good introduction to the history of Norway's most important industry.<\/p>\n<\/div><\/div>\n\n\n\n<hr class=\"wp-block-separator has-alpha-channel-opacity is-style-wide\"\/>\n\n\n\n<div class=\"wp-block-media-text is-stacked-on-mobile\" style=\"grid-template-columns:28% auto\"><figure class=\"wp-block-media-text__media\"><img decoding=\"async\" width=\"321\" height=\"321\" src=\"https:\/\/www.mekonferanse.no\/wp-content\/uploads\/2024\/09\/svard-i-fjell.png\" alt=\"Swords in the mountains \" class=\"wp-image-448 size-full\" srcset=\"https:\/\/www.mekonferanse.no\/wp-content\/uploads\/2024\/09\/svard-i-fjell.png 321w, https:\/\/www.mekonferanse.no\/wp-content\/uploads\/2024\/09\/svard-i-fjell-300x300.png 300w, https:\/\/www.mekonferanse.no\/wp-content\/uploads\/2024\/09\/svard-i-fjell-150x150.png 150w\" sizes=\"(max-width: 321px) 100vw, 321px\" \/><\/figure><div class=\"wp-block-media-text__content\">\n<h2 class=\"wp-block-heading\">Swords in the mountains<\/h2>\n\n\n\n<p>The monument <a href=\"https:\/\/www.visitnorway.no\/listings\/sverd-i-fjell\/14658\/\">Swords in the mountains<\/a> commemorates the Battle of Hafrsfjord, where the Viking Harald H\u00e5rfagre united Norway into a kingdom in 872. The monument is about 5 minutes' drive from Clarion Hotel Stavanger.<\/p>\n\n\n\n<p class=\"has-small-font-size\"><em>Photo: Stavanger Municipality<\/em><\/p>\n<\/div><\/div>\n\n\n\n<hr class=\"wp-block-separator has-alpha-channel-opacity is-style-wide\"\/>\n\n\n\n<div class=\"wp-block-media-text is-stacked-on-mobile\" style=\"grid-template-columns:28% auto\"><figure class=\"wp-block-media-text__media\"><img decoding=\"async\" width=\"321\" height=\"321\" src=\"https:\/\/www.mekonferanse.no\/wp-content\/uploads\/2024\/09\/jaeren.png\" alt=\"Sola beach Sola\" class=\"wp-image-447 size-full\" srcset=\"https:\/\/www.mekonferanse.no\/wp-content\/uploads\/2024\/09\/jaeren.png 321w, https:\/\/www.mekonferanse.no\/wp-content\/uploads\/2024\/09\/jaeren-300x300.png 300w, https:\/\/www.mekonferanse.no\/wp-content\/uploads\/2024\/09\/jaeren-150x150.png 150w\" sizes=\"(max-width: 321px) 100vw, 321px\" \/><\/figure><div class=\"wp-block-media-text__content\">\n<h2 class=\"wp-block-heading\">Sand beaches<\/h2>\n\n\n\n<p>Just outside Stavanger lies the beautiful <a href=\"https:\/\/www.visitnorway.no\/listings\/j%C3%A6rstrendene-landskapsvernomr%C3%A5de-%26-hope-spot\/14805\/\">The beaches of J\u00e6ren<\/a>which stretches over 70 kilometres of coastline. The sandy beaches are popular for hiking, water sports, sunbathing and swimming. Solastranden is located close to Stavanger Airport.<\/p>\n\n\n\n<p class=\"has-small-font-size\"><em>Photo: Visit Norway<\/em><\/p>\n<\/div><\/div>\n\n\n\n<hr class=\"wp-block-separator has-alpha-channel-opacity is-style-wide\"\/>\n\n\n\n<div class=\"wp-block-media-text is-stacked-on-mobile\" style=\"grid-template-columns:28% auto\"><figure class=\"wp-block-media-text__media\"><img decoding=\"async\" width=\"321\" height=\"321\" src=\"https:\/\/www.mekonferanse.no\/wp-content\/uploads\/2024\/09\/lysefjord.png\" alt=\"\" class=\"wp-image-446 size-full\" srcset=\"https:\/\/www.mekonferanse.no\/wp-content\/uploads\/2024\/09\/lysefjord.png 321w, https:\/\/www.mekonferanse.no\/wp-content\/uploads\/2024\/09\/lysefjord-300x300.png 300w, https:\/\/www.mekonferanse.no\/wp-content\/uploads\/2024\/09\/lysefjord-150x150.png 150w\" sizes=\"(max-width: 321px) 100vw, 321px\" \/><\/figure><div class=\"wp-block-media-text__content\">\n<h2 class=\"wp-block-heading\">Lysefjord<\/h2>\n\n\n\n<p><a href=\"https:\/\/www.visitnorway.no\/reisemal\/vestlandet\/ryfylke\/lysefjorden\/\">Lysefjord<\/a> is a 42 kilometre long fjord east of Stavanger, surrounded by high mountains on both sides. The fjord is 456 metres deep at its deepest point. There are daily <a href=\"https:\/\/rodne.no\/fjordopplevelser\/stavanger\/fjordcruise-lysefjorden-preikestolen\/\">Fjord cruises<\/a> from Strandkaien in the city centre at 10:00 (3-3.5 hours).<\/p>\n<\/div><\/div>\n\n\n\n<hr class=\"wp-block-separator has-alpha-channel-opacity is-style-wide\"\/>\n\n\n\n<div class=\"wp-block-media-text is-stacked-on-mobile\" style=\"grid-template-columns:28% auto\"><figure class=\"wp-block-media-text__media\"><img decoding=\"async\" width=\"321\" height=\"321\" src=\"https:\/\/www.mekonferanse.no\/wp-content\/uploads\/2024\/09\/pulpit-rock.png\" alt=\"\" class=\"wp-image-445 size-full\" srcset=\"https:\/\/www.mekonferanse.no\/wp-content\/uploads\/2024\/09\/pulpit-rock.png 321w, https:\/\/www.mekonferanse.no\/wp-content\/uploads\/2024\/09\/pulpit-rock-300x300.png 300w, https:\/\/www.mekonferanse.no\/wp-content\/uploads\/2024\/09\/pulpit-rock-150x150.png 150w\" sizes=\"(max-width: 321px) 100vw, 321px\" \/><\/figure><div class=\"wp-block-media-text__content\">\n<h2 class=\"wp-block-heading\">Pulpit Rock<\/h2>\n\n\n\n<p><a href=\"https:\/\/www.visitnorway.no\/reisemal\/vestlandet\/ryfylke\/lysefjorden\/fottur-til-preikestolen\/\">Pulpit Rock<\/a> is an almost flat mountain plateau measuring 25 x 25 metres, located 604 metres above the Lysefjord. It is a very popular attraction, with over 300,000 visiting tourists a year. A hike to the top takes 2-3 hours.<\/p>\n\n\n\n<p>Scenes from the film <a href=\"https:\/\/preikestolen365.com\/no\/mission-impossible-behind-the-scenes-preikestolen-norway\/\">Mission: Impossible Fallout<\/a> is recorded here.<\/p>\n<\/div><\/div>\n\n\n\n<p><\/p>","protected":false},"excerpt":{"rendered":"<p>Tips for travellers In 2025, Stavanger will celebrate its 900th anniversary. The city offers a wonderful mix of natural beauty, history, culture and outdoor adventure. Below we have selected some of the places worth visiting. Old Stavanger Old Stavanger is a charming and well-preserved residential area that provides insight into the city's history and...<\/p>","protected":false},"author":1,"featured_media":1132,"parent":0,"menu_order":0,"comment_status":"closed","ping_status":"closed","template":"","meta":{"footnotes":""},"class_list":["post-292","page","type-page","status-publish","has-post-thumbnail","hentry"],"yoast_head":"<!-- This site is optimized with the Yoast SEO plugin v27.2 - https:\/\/yoast.com\/product\/yoast-seo-wordpress\/ -->\n<title>Om Stavanger - ME Konferanse<\/title>\n<meta name=\"robots\" content=\"index, follow, max-snippet:-1, max-image-preview:large, max-video-preview:-1\" \/>\n<link rel=\"canonical\" href=\"https:\/\/www.mekonferanse.no\/en\/about-stavanger\/\" \/>\n<meta property=\"og:locale\" content=\"en_GB\" \/>\n<meta property=\"og:type\" content=\"article\" \/>\n<meta property=\"og:title\" content=\"Om Stavanger - ME Konferanse\" \/>\n<meta property=\"og:description\" content=\"Tips for tilreisende I 2025 vil Stavanger feire sitt 900-\u00e5rs jubileum. Byen tilbyr en herlig blanding av naturlig skj\u00f8nnhet, historie, kultur og utend\u00f8rs eventyr. Under har vi valgt ut noen av stedene som er verdt \u00e5 bes\u00f8ke. Gamle Stavanger Gamle Stavanger er et sjarmerende og godt bevart boligomr\u00e5de som gir innblikk i byens historie og&hellip;\" \/>\n<meta property=\"og:url\" content=\"https:\/\/www.mekonferanse.no\/en\/about-stavanger\/\" \/>\n<meta property=\"og:site_name\" content=\"ME Konferanse\" \/>\n<meta property=\"article:modified_time\" content=\"2024-09-27T19:44:08+00:00\" \/>\n<meta property=\"og:image\" content=\"https:\/\/www.mekonferanse.no\/wp-content\/uploads\/2024\/09\/Nettside-Om-Stavanger-folgebilde.png\" \/>\n\t<meta property=\"og:image:width\" content=\"1200\" \/>\n\t<meta property=\"og:image:height\" content=\"675\" \/>\n\t<meta property=\"og:image:type\" content=\"image\/png\" \/>\n<meta name=\"twitter:card\" content=\"summary_large_image\" \/>\n<meta name=\"twitter:label1\" content=\"Estimated reading time\" \/>\n\t<meta name=\"twitter:data1\" content=\"4 minutes\" \/>\n<script type=\"application\/ld+json\" class=\"yoast-schema-graph\">{\"@context\":\"https:\/\/schema.org\",\"@graph\":[{\"@type\":\"WebPage\",\"@id\":\"https:\/\/www.mekonferanse.no\/om-stavanger\/\",\"url\":\"https:\/\/www.mekonferanse.no\/om-stavanger\/\",\"name\":\"Om Stavanger - ME Konferanse\",\"isPartOf\":{\"@id\":\"https:\/\/www.mekonferanse.no\/#website\"},\"primaryImageOfPage\":{\"@id\":\"https:\/\/www.mekonferanse.no\/om-stavanger\/#primaryimage\"},\"image\":{\"@id\":\"https:\/\/www.mekonferanse.no\/om-stavanger\/#primaryimage\"},\"thumbnailUrl\":\"https:\/\/www.mekonferanse.no\/wp-content\/uploads\/2024\/09\/Nettside-Om-Stavanger-folgebilde.png\",\"datePublished\":\"2024-09-02T06:38:13+00:00\",\"dateModified\":\"2024-09-27T19:44:08+00:00\",\"breadcrumb\":{\"@id\":\"https:\/\/www.mekonferanse.no\/om-stavanger\/#breadcrumb\"},\"inLanguage\":\"en-GB\",\"potentialAction\":[{\"@type\":\"ReadAction\",\"target\":[\"https:\/\/www.mekonferanse.no\/om-stavanger\/\"]}]},{\"@type\":\"ImageObject\",\"inLanguage\":\"en-GB\",\"@id\":\"https:\/\/www.mekonferanse.no\/om-stavanger\/#primaryimage\",\"url\":\"https:\/\/www.mekonferanse.no\/wp-content\/uploads\/2024\/09\/Nettside-Om-Stavanger-folgebilde.png\",\"contentUrl\":\"https:\/\/www.mekonferanse.no\/wp-content\/uploads\/2024\/09\/Nettside-Om-Stavanger-folgebilde.png\",\"width\":1200,\"height\":675},{\"@type\":\"BreadcrumbList\",\"@id\":\"https:\/\/www.mekonferanse.no\/om-stavanger\/#breadcrumb\",\"itemListElement\":[{\"@type\":\"ListItem\",\"position\":1,\"name\":\"Hjem\",\"item\":\"https:\/\/www.mekonferanse.no\/\"},{\"@type\":\"ListItem\",\"position\":2,\"name\":\"Om Stavanger\"}]},{\"@type\":\"WebSite\",\"@id\":\"https:\/\/www.mekonferanse.no\/#website\",\"url\":\"https:\/\/www.mekonferanse.no\/\",\"name\":\"ME Konferanse\",\"description\":\"7.-8. mai 2025\",\"publisher\":{\"@id\":\"https:\/\/www.mekonferanse.no\/#organization\"},\"potentialAction\":[{\"@type\":\"SearchAction\",\"target\":{\"@type\":\"EntryPoint\",\"urlTemplate\":\"https:\/\/www.mekonferanse.no\/?s={search_term_string}\"},\"query-input\":{\"@type\":\"PropertyValueSpecification\",\"valueRequired\":true,\"valueName\":\"search_term_string\"}}],\"inLanguage\":\"en-GB\"},{\"@type\":\"Organization\",\"@id\":\"https:\/\/www.mekonferanse.no\/#organization\",\"name\":\"ME Konferanse\",\"url\":\"https:\/\/www.mekonferanse.no\/\",\"logo\":{\"@type\":\"ImageObject\",\"inLanguage\":\"en-GB\",\"@id\":\"https:\/\/www.mekonferanse.no\/#\/schema\/logo\/image\/\",\"url\":\"https:\/\/www.mekonferanse.no\/wp-content\/uploads\/2020\/02\/logo-.svg\",\"contentUrl\":\"https:\/\/www.mekonferanse.no\/wp-content\/uploads\/2020\/02\/logo-.svg\",\"width\":1,\"height\":1,\"caption\":\"ME Konferanse\"},\"image\":{\"@id\":\"https:\/\/www.mekonferanse.no\/#\/schema\/logo\/image\/\"}}]}<\/script>\n<!-- \/ Yoast SEO plugin. -->","yoast_head_json":{"title":"About Stavanger - ME Conference","robots":{"index":"index","follow":"follow","max-snippet":"max-snippet:-1","max-image-preview":"max-image-preview:large","max-video-preview":"max-video-preview:-1"},"canonical":"https:\/\/www.mekonferanse.no\/en\/about-stavanger\/","og_locale":"en_GB","og_type":"article","og_title":"Om Stavanger - ME Konferanse","og_description":"Tips for tilreisende I 2025 vil Stavanger feire sitt 900-\u00e5rs jubileum. Byen tilbyr en herlig blanding av naturlig skj\u00f8nnhet, historie, kultur og utend\u00f8rs eventyr. Under har vi valgt ut noen av stedene som er verdt \u00e5 bes\u00f8ke. Gamle Stavanger Gamle Stavanger er et sjarmerende og godt bevart boligomr\u00e5de som gir innblikk i byens historie og&hellip;","og_url":"https:\/\/www.mekonferanse.no\/en\/about-stavanger\/","og_site_name":"ME Konferanse","article_modified_time":"2024-09-27T19:44:08+00:00","og_image":[{"width":1200,"height":675,"url":"https:\/\/www.mekonferanse.no\/wp-content\/uploads\/2024\/09\/Nettside-Om-Stavanger-folgebilde.png","type":"image\/png"}],"twitter_card":"summary_large_image","twitter_misc":{"Estimated reading time":"4 minutes"},"schema":{"@context":"https:\/\/schema.org","@graph":[{"@type":"WebPage","@id":"https:\/\/www.mekonferanse.no\/om-stavanger\/","url":"https:\/\/www.mekonferanse.no\/om-stavanger\/","name":"About Stavanger - ME Conference","isPartOf":{"@id":"https:\/\/www.mekonferanse.no\/#website"},"primaryImageOfPage":{"@id":"https:\/\/www.mekonferanse.no\/om-stavanger\/#primaryimage"},"image":{"@id":"https:\/\/www.mekonferanse.no\/om-stavanger\/#primaryimage"},"thumbnailUrl":"https:\/\/www.mekonferanse.no\/wp-content\/uploads\/2024\/09\/Nettside-Om-Stavanger-folgebilde.png","datePublished":"2024-09-02T06:38:13+00:00","dateModified":"2024-09-27T19:44:08+00:00","breadcrumb":{"@id":"https:\/\/www.mekonferanse.no\/om-stavanger\/#breadcrumb"},"inLanguage":"en-GB","potentialAction":[{"@type":"ReadAction","target":["https:\/\/www.mekonferanse.no\/om-stavanger\/"]}]},{"@type":"ImageObject","inLanguage":"en-GB","@id":"https:\/\/www.mekonferanse.no\/om-stavanger\/#primaryimage","url":"https:\/\/www.mekonferanse.no\/wp-content\/uploads\/2024\/09\/Nettside-Om-Stavanger-folgebilde.png","contentUrl":"https:\/\/www.mekonferanse.no\/wp-content\/uploads\/2024\/09\/Nettside-Om-Stavanger-folgebilde.png","width":1200,"height":675},{"@type":"BreadcrumbList","@id":"https:\/\/www.mekonferanse.no\/om-stavanger\/#breadcrumb","itemListElement":[{"@type":"ListItem","position":1,"name":"Hjem","item":"https:\/\/www.mekonferanse.no\/"},{"@type":"ListItem","position":2,"name":"Om Stavanger"}]},{"@type":"WebSite","@id":"https:\/\/www.mekonferanse.no\/#website","url":"https:\/\/www.mekonferanse.no\/","name":"ME Conference","description":"7-8 May 2025","publisher":{"@id":"https:\/\/www.mekonferanse.no\/#organization"},"potentialAction":[{"@type":"SearchAction","target":{"@type":"EntryPoint","urlTemplate":"https:\/\/www.mekonferanse.no\/?s={search_term_string}"},"query-input":{"@type":"PropertyValueSpecification","valueRequired":true,"valueName":"search_term_string"}}],"inLanguage":"en-GB"},{"@type":"Organization","@id":"https:\/\/www.mekonferanse.no\/#organization","name":"ME Conference","url":"https:\/\/www.mekonferanse.no\/","logo":{"@type":"ImageObject","inLanguage":"en-GB","@id":"https:\/\/www.mekonferanse.no\/#\/schema\/logo\/image\/","url":"https:\/\/www.mekonferanse.no\/wp-content\/uploads\/2020\/02\/logo-.svg","contentUrl":"https:\/\/www.mekonferanse.no\/wp-content\/uploads\/2020\/02\/logo-.svg","width":1,"height":1,"caption":"ME Konferanse"},"image":{"@id":"https:\/\/www.mekonferanse.no\/#\/schema\/logo\/image\/"}}]}},"_links":{"self":[{"href":"https:\/\/www.mekonferanse.no\/en\/wp-json\/wp\/v2\/pages\/292","targetHints":{"allow":["GET"]}}],"collection":[{"href":"https:\/\/www.mekonferanse.no\/en\/wp-json\/wp\/v2\/pages"}],"about":[{"href":"https:\/\/www.mekonferanse.no\/en\/wp-json\/wp\/v2\/types\/page"}],"author":[{"embeddable":true,"href":"https:\/\/www.mekonferanse.no\/en\/wp-json\/wp\/v2\/users\/1"}],"replies":[{"embeddable":true,"href":"https:\/\/www.mekonferanse.no\/en\/wp-json\/wp\/v2\/comments?post=292"}],"version-history":[{"count":43,"href":"https:\/\/www.mekonferanse.no\/en\/wp-json\/wp\/v2\/pages\/292\/revisions"}],"predecessor-version":[{"id":1136,"href":"https:\/\/www.mekonferanse.no\/en\/wp-json\/wp\/v2\/pages\/292\/revisions\/1136"}],"wp:featuredmedia":[{"embeddable":true,"href":"https:\/\/www.mekonferanse.no\/en\/wp-json\/wp\/v2\/media\/1132"}],"wp:attachment":[{"href":"https:\/\/www.mekonferanse.no\/en\/wp-json\/wp\/v2\/media?parent=292"}],"curies":[{"name":"wp","href":"https:\/\/api.w.org\/{rel}","templated":true}]}}